{"id":10,"date":"2018-05-22T07:49:45","date_gmt":"2018-05-22T07:49:45","guid":{"rendered":"http:\/\/www.jandvorak.cz\/?page_id=10"},"modified":"2022-02-20T01:06:48","modified_gmt":"2022-02-20T00:06:48","slug":"domovska-stranka","status":"publish","type":"page","link":"https:\/\/www.jandvorak.cz\/","title":{"rendered":"\u00davod"},"content":{"rendered":"<p>Pracuji jako v\u00fdvoj\u00e1\u0159 firmwaru (C++). Mnoho let jsem se \u017eivil jako p\u0159ekladatel, p\u0159ev\u00e1\u017en\u011b z angli\u010dtiny do \u010de\u0161tiny, ale t\u00e9\u017e z \u010de\u0161tiny do angli\u010dtiny a ze sloven\u0161tiny do angli\u010dtiny.<\/p>\n","protected":false},"excerpt":{"rendered":"<p>Pracuji jako v\u00fdvoj\u00e1\u0159 firmwaru (C++). Mnoho let jsem se \u017eivil jako p\u0159ekladatel, p\u0159ev\u00e1\u017en\u011b z angli\u010dtiny do \u010de\u0161tiny, ale t\u00e9\u017e z \u010de\u0161tiny do angli\u010dtiny a ze sloven\u0161tiny do angli\u010dtiny.<\/p>\n","protected":false},"author":1,"featured_media":0,"parent":0,"menu_order":0,"comment_status":"closed","ping_status":"closed","template":"template-frontpage.php","meta":{"footnotes":""},"class_list":["post-10","page","type-page","status-publish","hentry"],"_links":{"self":[{"href":"https:\/\/www.jandvorak.cz\/index.php\/wp-json\/wp\/v2\/pages\/10","targetHints":{"allow":["GET"]}}],"collection":[{"href":"https:\/\/www.jandvorak.cz\/index.php\/wp-json\/wp\/v2\/pages"}],"about":[{"href":"https:\/\/www.jandvorak.cz\/index.php\/wp-json\/wp\/v2\/types\/page"}],"author":[{"embeddable":true,"href":"https:\/\/www.jandvorak.cz\/index.php\/wp-json\/wp\/v2\/users\/1"}],"replies":[{"embeddable":true,"href":"https:\/\/www.jandvorak.cz\/index.php\/wp-json\/wp\/v2\/comments?post=10"}],"version-history":[{"count":5,"href":"https:\/\/www.jandvorak.cz\/index.php\/wp-json\/wp\/v2\/pages\/10\/revisions"}],"predecessor-version":[{"id":77,"href":"https:\/\/www.jandvorak.cz\/index.php\/wp-json\/wp\/v2\/pages\/10\/revisions\/77"}],"wp:attachment":[{"href":"https:\/\/www.jandvorak.cz\/index.php\/wp-json\/wp\/v2\/media?parent=10"}],"curies":[{"name":"wp","href":"https:\/\/api.w.org\/{rel}","templated":true}]}}